{"id":95,"date":"2026-02-24T21:44:58","date_gmt":"2026-02-24T21:44:58","guid":{"rendered":"https:\/\/stimulmouv.com\/?page_id=95"},"modified":"2026-02-24T22:32:56","modified_gmt":"2026-02-24T22:32:56","slug":"exercices-de-stimulations-cognitives","status":"publish","type":"page","link":"https:\/\/stimulmouv.com\/index.php\/exercices-de-stimulations-cognitives\/","title":{"rendered":"\u00a0Exercices de stimulations cognitives"},"content":{"rendered":"\n<p>Vous cherchez des&nbsp;<strong>exercices de stimulations cognitives<\/strong>, des solutions concr\u00e8tes et naturelles pour pr\u00e9server votre m\u00e9moire, entretenir votre attention ou ralentir les&nbsp;effets du vieillissement mental et physique ?&nbsp;Je vous propose une&nbsp;approche douce, ludique, accessible \u00e0 tous fond\u00e9e sur la&nbsp;stimulation cognitive et corporelle&nbsp;simultan\u00e9ment par des exercices ludiques et cibl\u00e9s.&nbsp;Gr\u00e2ce \u00e0 mes ateliers personnalis\u00e9s, j\u2019aide chaque personne \u00e0 retrouver confiance, autonomie et \u00e9quilibre int\u00e9rieure\u2026 sans jugement, avec bienveillance.<\/p>\n\n\n\n<h2 class=\"wp-block-heading\"><strong>Pour qui sont faites ces activit\u00e9s&nbsp; cognitives et corporelles?<\/strong><\/h2>\n\n\n\n<p>Je m\u2019adresse particuli\u00e8rement :<\/p>\n\n\n\n<p><strong>Aux s\u00e9niors<\/strong>&nbsp;souhaitant entretenir leur m\u00e9moire, leur motricit\u00e9 et leur autonomie<\/p>\n\n\n\n<p><strong>Aux adultes<\/strong>&nbsp;qui veulent pr\u00e9venir le d\u00e9clin cognitif ou renforcer leur vivacit\u00e9 mentale<\/p>\n\n\n\n<p><strong>Aux personnes en situation d\u2019handicap&nbsp;<\/strong>qui souhaitent gagner en autonomie au quotidien.<\/p>\n\n\n\n<p><strong>Aux personnes atteintes de troubles l\u00e9gers ou d\u00e9butants<\/strong>, comme les troubles de l\u2019attention, les troubles de la m\u00e9moire ou les premiers signes de la maladie d\u2019Alzheimer<\/p>\n\n\n\n<p><strong>\u00c0 toute personne (enfants, ados, adultes)<\/strong>&nbsp;curieuse de stimuler son cerveau de mani\u00e8re ludique et bienveillante<\/p>\n\n\n\n<h2 class=\"wp-block-heading\"><strong>Des b\u00e9n\u00e9fices concrets pour votre cerveau<\/strong><\/h2>\n\n\n\n<p>La stimulation cognitive et corporelle, ce n\u2019est pas que pour \u201cles autres\u201d. C\u2019est une d\u00e9marche simple et puissante pour :<\/p>\n\n\n\n<ul class=\"wp-block-list\">\n<li>Renforcer la m\u00e9moire \u00e0 court et long terme<\/li>\n\n\n\n<li>Am\u00e9liorer la concentration et l\u2019attention<\/li>\n\n\n\n<li>Travailler la coordination mentale et corporelle<\/li>\n\n\n\n<li>Booster la plasticit\u00e9 c\u00e9r\u00e9brale<\/li>\n\n\n\n<li>Maintenir une activit\u00e9 intellectuelle vivante<\/li>\n<\/ul>\n\n\n\n<p>Les exercices m\u00e9moire et d\u2019attention agissent comme une gymnastique mentale, qui mobilise le cerveau de mani\u00e8re douce mais profonde.<\/p>\n\n\n\n<h2 class=\"wp-block-heading\"><strong>Des b\u00e9n\u00e9fices utiles pour votre corps :&nbsp;<\/strong><\/h2>\n\n\n\n<ul class=\"wp-block-list\">\n<li>Renforcer la motricit\u00e9 et l\u2019\u00e9quilibre<\/li>\n\n\n\n<li>Entretenir la mobilit\u00e9 articulaire et musculaire<\/li>\n\n\n\n<li>Anticiper les chutes<\/li>\n\n\n\n<li>et bien d\u2019autres.<\/li>\n<\/ul>\n\n\n\n<h2 class=\"wp-block-heading\"><strong>Un impact positif dans la vie quotidienne<\/strong><\/h2>\n\n\n\n<p><strong>Avec mes s\u00e9ances, vous ressentirez rapidement des b\u00e9n\u00e9fices :<\/strong><\/p>\n\n\n\n<ul class=\"wp-block-list\">\n<li>Moins d\u2019oublis au quotidien<\/li>\n\n\n\n<li>Plus de fluidit\u00e9 dans vos pens\u00e9es<\/li>\n\n\n\n<li>Un esprit plus alerte<\/li>\n\n\n\n<li>Une meilleure gestion du stress<\/li>\n\n\n\n<li>Un bien-\u00eatre global, \u00e0 la fois mental et \u00e9motionnel<\/li>\n<\/ul>\n\n\n\n<p>Et au-del\u00e0 de la performance, ces s\u00e9ances favorisent le lien social, le rire, la motivation. Parce qu\u2019un cerveau \u00e9panoui, et un corps entretenu c\u2019est aussi un un meilleur \u00e9quilibre global.<\/p>\n\n\n<div class=\"wp-block-image\">\n<figure class=\"alignleft size-medium\"><img loading=\"lazy\" decoding=\"async\" width=\"300\" height=\"122\" src=\"https:\/\/stimulmouv.com\/wp-content\/uploads\/2026\/02\/Creadiaz\u00ae-Logo-fond-noir-1-300x122.png\" alt=\"\" class=\"wp-image-105\" srcset=\"https:\/\/stimulmouv.com\/wp-content\/uploads\/2026\/02\/Creadiaz\u00ae-Logo-fond-noir-1-300x122.png 300w, https:\/\/stimulmouv.com\/wp-content\/uploads\/2026\/02\/Creadiaz\u00ae-Logo-fond-noir-1-768x313.png 768w, https:\/\/stimulmouv.com\/wp-content\/uploads\/2026\/02\/Creadiaz\u00ae-Logo-fond-noir-1.png 1024w\" sizes=\"auto, (max-width: 300px) 100vw, 300px\" \/><\/figure>\n<\/div>\n\n\n<p>Sous la m\u00e9thode<\/p>\n\n\n\n<p><\/p>\n\n\n\n<p><\/p>\n\n\n\n<figure class=\"wp-block-image size-large is-style-rounded\"><img loading=\"lazy\" decoding=\"async\" width=\"1024\" height=\"1024\" src=\"https:\/\/stimulmouv.com\/wp-content\/uploads\/2026\/02\/StimulMouv-3-1024x1024.jpg\" alt=\"\" class=\"wp-image-115\" srcset=\"https:\/\/stimulmouv.com\/wp-content\/uploads\/2026\/02\/StimulMouv-3-1024x1024.jpg 1024w, https:\/\/stimulmouv.com\/wp-content\/uploads\/2026\/02\/StimulMouv-3-300x300.jpg 300w, https:\/\/stimulmouv.com\/wp-content\/uploads\/2026\/02\/StimulMouv-3-150x150.jpg 150w, https:\/\/stimulmouv.com\/wp-content\/uploads\/2026\/02\/StimulMouv-3-768x768.jpg 768w, https:\/\/stimulmouv.com\/wp-content\/uploads\/2026\/02\/StimulMouv-3-510x510.jpg 510w, https:\/\/stimulmouv.com\/wp-content\/uploads\/2026\/02\/StimulMouv-3.jpg 1440w\" sizes=\"auto, (max-width: 1024px) 100vw, 1024px\" \/><\/figure>\n\n\n\n<p><\/p>\n","protected":false},"excerpt":{"rendered":"<p>Vous cherchez des&nbsp;exercices de stimulations cognitives, des solutions concr\u00e8tes et naturelles pour pr\u00e9server votre m\u00e9moire, entretenir votre attention ou ralentir les&nbsp;effets du vieillissement mental et physique ?&nbsp;Je vous propose une&nbsp;approche douce, ludique, accessible \u00e0 tous fond\u00e9e sur la&nbsp;stimulation cognitive et corporelle&nbsp;simultan\u00e9ment par des exercices ludiques et cibl\u00e9s.&nbsp;Gr\u00e2ce \u00e0 mes ateliers personnalis\u00e9s, j\u2019aide chaque personne \u00e0 [&hellip;]<\/p>\n","protected":false},"author":1,"featured_media":0,"parent":0,"menu_order":0,"comment_status":"closed","ping_status":"closed","template":"","meta":{"_monsterinsights_skip_tracking":false,"_monsterinsights_sitenote_active":false,"_monsterinsights_sitenote_note":"","_monsterinsights_sitenote_category":0,"footnotes":""},"class_list":["post-95","page","type-page","status-publish","czr-hentry"],"yoast_head":"<!-- This site is optimized with the Yoast SEO plugin v27.3 - https:\/\/yoast.com\/product\/yoast-seo-wordpress\/ -->\n<title>\u00a0Exercices de stimulations cognitives - Stimul&#039;Mouv<\/title>\n<meta name=\"robots\" content=\"index, follow, max-snippet:-1, max-image-preview:large, max-video-preview:-1\" \/>\n<link rel=\"canonical\" href=\"https:\/\/stimulmouv.com\/index.php\/exercices-de-stimulations-cognitives\/\" \/>\n<meta property=\"og:locale\" content=\"fr_FR\" \/>\n<meta property=\"og:type\" content=\"article\" \/>\n<meta property=\"og:title\" content=\"\u00a0Exercices de stimulations cognitives - Stimul&#039;Mouv\" \/>\n<meta property=\"og:description\" content=\"Vous cherchez des&nbsp;exercices de stimulations cognitives, des solutions concr\u00e8tes et naturelles pour pr\u00e9server votre m\u00e9moire, entretenir votre attention ou ralentir les&nbsp;effets du vieillissement mental et physique ?&nbsp;Je vous propose une&nbsp;approche douce, ludique, accessible \u00e0 tous fond\u00e9e sur la&nbsp;stimulation cognitive et corporelle&nbsp;simultan\u00e9ment par des exercices ludiques et cibl\u00e9s.&nbsp;Gr\u00e2ce \u00e0 mes ateliers personnalis\u00e9s, j\u2019aide chaque personne \u00e0 [&hellip;]\" \/>\n<meta property=\"og:url\" content=\"https:\/\/stimulmouv.com\/index.php\/exercices-de-stimulations-cognitives\/\" \/>\n<meta property=\"og:site_name\" content=\"Stimul&#039;Mouv\" \/>\n<meta property=\"article:modified_time\" content=\"2026-02-24T22:32:56+00:00\" \/>\n<meta property=\"og:image\" content=\"https:\/\/stimulmouv.com\/wp-content\/uploads\/2026\/02\/StimulMouv-3-1024x1024.jpg\" \/>\n<meta name=\"twitter:card\" content=\"summary_large_image\" \/>\n<meta name=\"twitter:label1\" content=\"Dur\u00e9e de lecture est.\" \/>\n\t<meta name=\"twitter:data1\" content=\"3 minutes\" \/>\n<script type=\"application\/ld+json\" class=\"yoast-schema-graph\">{\"@context\":\"https:\\\/\\\/schema.org\",\"@graph\":[{\"@type\":\"WebPage\",\"@id\":\"https:\\\/\\\/stimulmouv.com\\\/index.php\\\/exercices-de-stimulations-cognitives\\\/\",\"url\":\"https:\\\/\\\/stimulmouv.com\\\/index.php\\\/exercices-de-stimulations-cognitives\\\/\",\"name\":\"\u00a0Exercices de stimulations cognitives - Stimul&#039;Mouv\",\"isPartOf\":{\"@id\":\"https:\\\/\\\/stimulmouv.com\\\/#website\"},\"primaryImageOfPage\":{\"@id\":\"https:\\\/\\\/stimulmouv.com\\\/index.php\\\/exercices-de-stimulations-cognitives\\\/#primaryimage\"},\"image\":{\"@id\":\"https:\\\/\\\/stimulmouv.com\\\/index.php\\\/exercices-de-stimulations-cognitives\\\/#primaryimage\"},\"thumbnailUrl\":\"https:\\\/\\\/stimulmouv.com\\\/wp-content\\\/uploads\\\/2026\\\/02\\\/StimulMouv-3-1024x1024.jpg\",\"datePublished\":\"2026-02-24T21:44:58+00:00\",\"dateModified\":\"2026-02-24T22:32:56+00:00\",\"breadcrumb\":{\"@id\":\"https:\\\/\\\/stimulmouv.com\\\/index.php\\\/exercices-de-stimulations-cognitives\\\/#breadcrumb\"},\"inLanguage\":\"fr-BE\",\"potentialAction\":[{\"@type\":\"ReadAction\",\"target\":[\"https:\\\/\\\/stimulmouv.com\\\/index.php\\\/exercices-de-stimulations-cognitives\\\/\"]}]},{\"@type\":\"ImageObject\",\"inLanguage\":\"fr-BE\",\"@id\":\"https:\\\/\\\/stimulmouv.com\\\/index.php\\\/exercices-de-stimulations-cognitives\\\/#primaryimage\",\"url\":\"https:\\\/\\\/stimulmouv.com\\\/wp-content\\\/uploads\\\/2026\\\/02\\\/StimulMouv-3.jpg\",\"contentUrl\":\"https:\\\/\\\/stimulmouv.com\\\/wp-content\\\/uploads\\\/2026\\\/02\\\/StimulMouv-3.jpg\",\"width\":1440,\"height\":1440},{\"@type\":\"BreadcrumbList\",\"@id\":\"https:\\\/\\\/stimulmouv.com\\\/index.php\\\/exercices-de-stimulations-cognitives\\\/#breadcrumb\",\"itemListElement\":[{\"@type\":\"ListItem\",\"position\":1,\"name\":\"Accueil\",\"item\":\"https:\\\/\\\/stimulmouv.com\\\/\"},{\"@type\":\"ListItem\",\"position\":2,\"name\":\"\u00a0Exercices de stimulations cognitives\"}]},{\"@type\":\"WebSite\",\"@id\":\"https:\\\/\\\/stimulmouv.com\\\/#website\",\"url\":\"https:\\\/\\\/stimulmouv.com\\\/\",\"name\":\"Stimul&#039;Mouv\",\"description\":\"Stimulation cognitive et motrice pour tous les \u00e2ges\",\"publisher\":{\"@id\":\"https:\\\/\\\/stimulmouv.com\\\/#organization\"},\"potentialAction\":[{\"@type\":\"SearchAction\",\"target\":{\"@type\":\"EntryPoint\",\"urlTemplate\":\"https:\\\/\\\/stimulmouv.com\\\/?s={search_term_string}\"},\"query-input\":{\"@type\":\"PropertyValueSpecification\",\"valueRequired\":true,\"valueName\":\"search_term_string\"}}],\"inLanguage\":\"fr-BE\"},{\"@type\":\"Organization\",\"@id\":\"https:\\\/\\\/stimulmouv.com\\\/#organization\",\"name\":\"Stimul&#039;Mouv\",\"url\":\"https:\\\/\\\/stimulmouv.com\\\/\",\"logo\":{\"@type\":\"ImageObject\",\"inLanguage\":\"fr-BE\",\"@id\":\"https:\\\/\\\/stimulmouv.com\\\/#\\\/schema\\\/logo\\\/image\\\/\",\"url\":\"https:\\\/\\\/stimulmouv.com\\\/wp-content\\\/uploads\\\/2026\\\/02\\\/cropped-Logo1-1.png\",\"contentUrl\":\"https:\\\/\\\/stimulmouv.com\\\/wp-content\\\/uploads\\\/2026\\\/02\\\/cropped-Logo1-1.png\",\"width\":631,\"height\":466,\"caption\":\"Stimul&#039;Mouv\"},\"image\":{\"@id\":\"https:\\\/\\\/stimulmouv.com\\\/#\\\/schema\\\/logo\\\/image\\\/\"}}]}<\/script>\n<!-- \/ Yoast SEO plugin. -->","yoast_head_json":{"title":"\u00a0Exercices de stimulations cognitives - Stimul&#039;Mouv","robots":{"index":"index","follow":"follow","max-snippet":"max-snippet:-1","max-image-preview":"max-image-preview:large","max-video-preview":"max-video-preview:-1"},"canonical":"https:\/\/stimulmouv.com\/index.php\/exercices-de-stimulations-cognitives\/","og_locale":"fr_FR","og_type":"article","og_title":"\u00a0Exercices de stimulations cognitives - Stimul&#039;Mouv","og_description":"Vous cherchez des&nbsp;exercices de stimulations cognitives, des solutions concr\u00e8tes et naturelles pour pr\u00e9server votre m\u00e9moire, entretenir votre attention ou ralentir les&nbsp;effets du vieillissement mental et physique ?&nbsp;Je vous propose une&nbsp;approche douce, ludique, accessible \u00e0 tous fond\u00e9e sur la&nbsp;stimulation cognitive et corporelle&nbsp;simultan\u00e9ment par des exercices ludiques et cibl\u00e9s.&nbsp;Gr\u00e2ce \u00e0 mes ateliers personnalis\u00e9s, j\u2019aide chaque personne \u00e0 [&hellip;]","og_url":"https:\/\/stimulmouv.com\/index.php\/exercices-de-stimulations-cognitives\/","og_site_name":"Stimul&#039;Mouv","article_modified_time":"2026-02-24T22:32:56+00:00","og_image":[{"url":"https:\/\/stimulmouv.com\/wp-content\/uploads\/2026\/02\/StimulMouv-3-1024x1024.jpg","type":"","width":"","height":""}],"twitter_card":"summary_large_image","twitter_misc":{"Dur\u00e9e de lecture est.":"3 minutes"},"schema":{"@context":"https:\/\/schema.org","@graph":[{"@type":"WebPage","@id":"https:\/\/stimulmouv.com\/index.php\/exercices-de-stimulations-cognitives\/","url":"https:\/\/stimulmouv.com\/index.php\/exercices-de-stimulations-cognitives\/","name":"\u00a0Exercices de stimulations cognitives - Stimul&#039;Mouv","isPartOf":{"@id":"https:\/\/stimulmouv.com\/#website"},"primaryImageOfPage":{"@id":"https:\/\/stimulmouv.com\/index.php\/exercices-de-stimulations-cognitives\/#primaryimage"},"image":{"@id":"https:\/\/stimulmouv.com\/index.php\/exercices-de-stimulations-cognitives\/#primaryimage"},"thumbnailUrl":"https:\/\/stimulmouv.com\/wp-content\/uploads\/2026\/02\/StimulMouv-3-1024x1024.jpg","datePublished":"2026-02-24T21:44:58+00:00","dateModified":"2026-02-24T22:32:56+00:00","breadcrumb":{"@id":"https:\/\/stimulmouv.com\/index.php\/exercices-de-stimulations-cognitives\/#breadcrumb"},"inLanguage":"fr-BE","potentialAction":[{"@type":"ReadAction","target":["https:\/\/stimulmouv.com\/index.php\/exercices-de-stimulations-cognitives\/"]}]},{"@type":"ImageObject","inLanguage":"fr-BE","@id":"https:\/\/stimulmouv.com\/index.php\/exercices-de-stimulations-cognitives\/#primaryimage","url":"https:\/\/stimulmouv.com\/wp-content\/uploads\/2026\/02\/StimulMouv-3.jpg","contentUrl":"https:\/\/stimulmouv.com\/wp-content\/uploads\/2026\/02\/StimulMouv-3.jpg","width":1440,"height":1440},{"@type":"BreadcrumbList","@id":"https:\/\/stimulmouv.com\/index.php\/exercices-de-stimulations-cognitives\/#breadcrumb","itemListElement":[{"@type":"ListItem","position":1,"name":"Accueil","item":"https:\/\/stimulmouv.com\/"},{"@type":"ListItem","position":2,"name":"\u00a0Exercices de stimulations cognitives"}]},{"@type":"WebSite","@id":"https:\/\/stimulmouv.com\/#website","url":"https:\/\/stimulmouv.com\/","name":"Stimul&#039;Mouv","description":"Stimulation cognitive et motrice pour tous les \u00e2ges","publisher":{"@id":"https:\/\/stimulmouv.com\/#organization"},"potentialAction":[{"@type":"SearchAction","target":{"@type":"EntryPoint","urlTemplate":"https:\/\/stimulmouv.com\/?s={search_term_string}"},"query-input":{"@type":"PropertyValueSpecification","valueRequired":true,"valueName":"search_term_string"}}],"inLanguage":"fr-BE"},{"@type":"Organization","@id":"https:\/\/stimulmouv.com\/#organization","name":"Stimul&#039;Mouv","url":"https:\/\/stimulmouv.com\/","logo":{"@type":"ImageObject","inLanguage":"fr-BE","@id":"https:\/\/stimulmouv.com\/#\/schema\/logo\/image\/","url":"https:\/\/stimulmouv.com\/wp-content\/uploads\/2026\/02\/cropped-Logo1-1.png","contentUrl":"https:\/\/stimulmouv.com\/wp-content\/uploads\/2026\/02\/cropped-Logo1-1.png","width":631,"height":466,"caption":"Stimul&#039;Mouv"},"image":{"@id":"https:\/\/stimulmouv.com\/#\/schema\/logo\/image\/"}}]}},"_links":{"self":[{"href":"https:\/\/stimulmouv.com\/index.php\/wp-json\/wp\/v2\/pages\/95","targetHints":{"allow":["GET"]}}],"collection":[{"href":"https:\/\/stimulmouv.com\/index.php\/wp-json\/wp\/v2\/pages"}],"about":[{"href":"https:\/\/stimulmouv.com\/index.php\/wp-json\/wp\/v2\/types\/page"}],"author":[{"embeddable":true,"href":"https:\/\/stimulmouv.com\/index.php\/wp-json\/wp\/v2\/users\/1"}],"replies":[{"embeddable":true,"href":"https:\/\/stimulmouv.com\/index.php\/wp-json\/wp\/v2\/comments?post=95"}],"version-history":[{"count":10,"href":"https:\/\/stimulmouv.com\/index.php\/wp-json\/wp\/v2\/pages\/95\/revisions"}],"predecessor-version":[{"id":122,"href":"https:\/\/stimulmouv.com\/index.php\/wp-json\/wp\/v2\/pages\/95\/revisions\/122"}],"wp:attachment":[{"href":"https:\/\/stimulmouv.com\/index.php\/wp-json\/wp\/v2\/media?parent=95"}],"curies":[{"name":"wp","href":"https:\/\/api.w.org\/{rel}","templated":true}]}}