{"id":81,"date":"2026-02-19T13:53:45","date_gmt":"2026-02-19T13:53:45","guid":{"rendered":"https:\/\/stimulmouv.com\/?page_id=81"},"modified":"2026-02-24T22:32:54","modified_gmt":"2026-02-24T22:32:54","slug":"des-benefices-concrets-pour-votre-cerveau","status":"publish","type":"page","link":"https:\/\/stimulmouv.com\/index.php\/des-benefices-concrets-pour-votre-cerveau\/","title":{"rendered":"Des b\u00e9n\u00e9fices concrets pour votre cerveau"},"content":{"rendered":"\n<p>La stimulation cognitive et corporelle, ce n\u2019est pas que pour \u201cles autres\u201d. C\u2019est une d\u00e9marche simple et puissante pour :<\/p>\n\n\n\n<ul class=\"wp-block-list\">\n<li>Renforcer la m\u00e9moire \u00e0 court et long terme<\/li>\n\n\n\n<li>Am\u00e9liorer la concentration et l\u2019attention<\/li>\n\n\n\n<li>Travailler la coordination mentale et corporelle<\/li>\n\n\n\n<li>Booster la plasticit\u00e9 c\u00e9r\u00e9brale<\/li>\n\n\n\n<li>Maintenir une activit\u00e9 intellectuelle vivante<\/li>\n<\/ul>\n\n\n\n<p>Les exercices m\u00e9moire et d\u2019attention agissent comme une gymnastique mentale, qui mobilise le cerveau de mani\u00e8re douce mais profonde.<\/p>\n\n\n\n<p><strong>Des b\u00e9n\u00e9fices utiles pour votre corps :&nbsp;<\/strong><\/p>\n\n\n\n<ul class=\"wp-block-list\">\n<li>Renforcer la motricit\u00e9 et l\u2019\u00e9quilibre<\/li>\n\n\n\n<li>Entretenir la mobilit\u00e9 articulaire et musculaire<\/li>\n\n\n\n<li>Anticiper les chutes<\/li>\n\n\n\n<li>et bien d\u2019autres.<\/li>\n<\/ul>\n\n\n\n<p><strong>Un impact positif dans la vie quotidienne<\/strong><\/p>\n\n\n\n<p><strong>Avec mes s\u00e9ances, vous ressentirez rapidement des b\u00e9n\u00e9fices :<\/strong><\/p>\n\n\n\n<ul class=\"wp-block-list\">\n<li>Moins d\u2019oublis au quotidien<\/li>\n\n\n\n<li>Plus de fluidit\u00e9 dans vos pens\u00e9es<\/li>\n\n\n\n<li>Un esprit plus alerte<\/li>\n\n\n\n<li>Une meilleure gestion du stress<\/li>\n\n\n\n<li>Un bien-\u00eatre global, \u00e0 la fois mental et \u00e9motionnel<\/li>\n<\/ul>\n\n\n\n<p>Et au-del\u00e0 de la performance, ces s\u00e9ances favorisent le lien social, le rire, la motivation. Parce qu\u2019un cerveau \u00e9panoui, et un corps entretenu c\u2019est aussi un un meilleur \u00e9quilibre global.<\/p>\n\n\n<div class=\"wp-block-image is-style-rounded\">\n<figure class=\"aligncenter size-full\"><img loading=\"lazy\" decoding=\"async\" width=\"1200\" height=\"1200\" src=\"https:\/\/stimulmouv.com\/wp-content\/uploads\/2026\/02\/StimulMouv-4.jpg\" alt=\"\" class=\"wp-image-116\" srcset=\"https:\/\/stimulmouv.com\/wp-content\/uploads\/2026\/02\/StimulMouv-4.jpg 1200w, https:\/\/stimulmouv.com\/wp-content\/uploads\/2026\/02\/StimulMouv-4-300x300.jpg 300w, https:\/\/stimulmouv.com\/wp-content\/uploads\/2026\/02\/StimulMouv-4-1024x1024.jpg 1024w, https:\/\/stimulmouv.com\/wp-content\/uploads\/2026\/02\/StimulMouv-4-150x150.jpg 150w, https:\/\/stimulmouv.com\/wp-content\/uploads\/2026\/02\/StimulMouv-4-768x768.jpg 768w, https:\/\/stimulmouv.com\/wp-content\/uploads\/2026\/02\/StimulMouv-4-510x510.jpg 510w\" sizes=\"auto, (max-width: 1200px) 100vw, 1200px\" \/><\/figure>\n<\/div>","protected":false},"excerpt":{"rendered":"<p>La stimulation cognitive et corporelle, ce n\u2019est pas que pour \u201cles autres\u201d. C\u2019est une d\u00e9marche simple et puissante pour : Les exercices m\u00e9moire et d\u2019attention agissent comme une gymnastique mentale, qui mobilise le cerveau de mani\u00e8re douce mais profonde. Des b\u00e9n\u00e9fices utiles pour votre corps :&nbsp; Un impact positif dans la vie quotidienne Avec mes [&hellip;]<\/p>\n","protected":false},"author":1,"featured_media":6,"parent":0,"menu_order":0,"comment_status":"closed","ping_status":"closed","template":"","meta":{"_monsterinsights_skip_tracking":false,"_monsterinsights_sitenote_active":false,"_monsterinsights_sitenote_note":"","_monsterinsights_sitenote_category":0,"footnotes":""},"class_list":["post-81","page","type-page","status-publish","has-post-thumbnail","czr-hentry"],"yoast_head":"<!-- This site is optimized with the Yoast SEO plugin v27.3 - https:\/\/yoast.com\/product\/yoast-seo-wordpress\/ -->\n<title>Des b\u00e9n\u00e9fices concrets pour votre cerveau - Stimul&#039;Mouv<\/title>\n<meta name=\"robots\" content=\"index, follow, max-snippet:-1, max-image-preview:large, max-video-preview:-1\" \/>\n<link rel=\"canonical\" href=\"https:\/\/stimulmouv.com\/index.php\/des-benefices-concrets-pour-votre-cerveau\/\" \/>\n<meta property=\"og:locale\" content=\"fr_FR\" \/>\n<meta property=\"og:type\" content=\"article\" \/>\n<meta property=\"og:title\" content=\"Des b\u00e9n\u00e9fices concrets pour votre cerveau - Stimul&#039;Mouv\" \/>\n<meta property=\"og:description\" content=\"La stimulation cognitive et corporelle, ce n\u2019est pas que pour \u201cles autres\u201d. C\u2019est une d\u00e9marche simple et puissante pour : Les exercices m\u00e9moire et d\u2019attention agissent comme une gymnastique mentale, qui mobilise le cerveau de mani\u00e8re douce mais profonde. Des b\u00e9n\u00e9fices utiles pour votre corps :&nbsp; Un impact positif dans la vie quotidienne Avec mes [&hellip;]\" \/>\n<meta property=\"og:url\" content=\"https:\/\/stimulmouv.com\/index.php\/des-benefices-concrets-pour-votre-cerveau\/\" \/>\n<meta property=\"og:site_name\" content=\"Stimul&#039;Mouv\" \/>\n<meta property=\"article:modified_time\" content=\"2026-02-24T22:32:54+00:00\" \/>\n<meta property=\"og:image\" content=\"https:\/\/stimulmouv.com\/wp-content\/uploads\/2026\/02\/Logo1.png\" \/>\n\t<meta property=\"og:image:width\" content=\"670\" \/>\n\t<meta property=\"og:image:height\" content=\"511\" \/>\n\t<meta property=\"og:image:type\" content=\"image\/png\" \/>\n<meta name=\"twitter:card\" content=\"summary_large_image\" \/>\n<meta name=\"twitter:label1\" content=\"Dur\u00e9e de lecture est.\" \/>\n\t<meta name=\"twitter:data1\" content=\"2 minutes\" \/>\n<script type=\"application\/ld+json\" class=\"yoast-schema-graph\">{\"@context\":\"https:\\\/\\\/schema.org\",\"@graph\":[{\"@type\":\"WebPage\",\"@id\":\"https:\\\/\\\/stimulmouv.com\\\/index.php\\\/des-benefices-concrets-pour-votre-cerveau\\\/\",\"url\":\"https:\\\/\\\/stimulmouv.com\\\/index.php\\\/des-benefices-concrets-pour-votre-cerveau\\\/\",\"name\":\"Des b\u00e9n\u00e9fices concrets pour votre cerveau - Stimul&#039;Mouv\",\"isPartOf\":{\"@id\":\"https:\\\/\\\/stimulmouv.com\\\/#website\"},\"primaryImageOfPage\":{\"@id\":\"https:\\\/\\\/stimulmouv.com\\\/index.php\\\/des-benefices-concrets-pour-votre-cerveau\\\/#primaryimage\"},\"image\":{\"@id\":\"https:\\\/\\\/stimulmouv.com\\\/index.php\\\/des-benefices-concrets-pour-votre-cerveau\\\/#primaryimage\"},\"thumbnailUrl\":\"https:\\\/\\\/stimulmouv.com\\\/wp-content\\\/uploads\\\/2026\\\/02\\\/Logo1.png\",\"datePublished\":\"2026-02-19T13:53:45+00:00\",\"dateModified\":\"2026-02-24T22:32:54+00:00\",\"breadcrumb\":{\"@id\":\"https:\\\/\\\/stimulmouv.com\\\/index.php\\\/des-benefices-concrets-pour-votre-cerveau\\\/#breadcrumb\"},\"inLanguage\":\"fr-BE\",\"potentialAction\":[{\"@type\":\"ReadAction\",\"target\":[\"https:\\\/\\\/stimulmouv.com\\\/index.php\\\/des-benefices-concrets-pour-votre-cerveau\\\/\"]}]},{\"@type\":\"ImageObject\",\"inLanguage\":\"fr-BE\",\"@id\":\"https:\\\/\\\/stimulmouv.com\\\/index.php\\\/des-benefices-concrets-pour-votre-cerveau\\\/#primaryimage\",\"url\":\"https:\\\/\\\/stimulmouv.com\\\/wp-content\\\/uploads\\\/2026\\\/02\\\/Logo1.png\",\"contentUrl\":\"https:\\\/\\\/stimulmouv.com\\\/wp-content\\\/uploads\\\/2026\\\/02\\\/Logo1.png\",\"width\":670,\"height\":511},{\"@type\":\"BreadcrumbList\",\"@id\":\"https:\\\/\\\/stimulmouv.com\\\/index.php\\\/des-benefices-concrets-pour-votre-cerveau\\\/#breadcrumb\",\"itemListElement\":[{\"@type\":\"ListItem\",\"position\":1,\"name\":\"Accueil\",\"item\":\"https:\\\/\\\/stimulmouv.com\\\/\"},{\"@type\":\"ListItem\",\"position\":2,\"name\":\"Des b\u00e9n\u00e9fices concrets pour votre cerveau\"}]},{\"@type\":\"WebSite\",\"@id\":\"https:\\\/\\\/stimulmouv.com\\\/#website\",\"url\":\"https:\\\/\\\/stimulmouv.com\\\/\",\"name\":\"Stimul&#039;Mouv\",\"description\":\"Stimulation cognitive et motrice pour tous les \u00e2ges\",\"publisher\":{\"@id\":\"https:\\\/\\\/stimulmouv.com\\\/#organization\"},\"potentialAction\":[{\"@type\":\"SearchAction\",\"target\":{\"@type\":\"EntryPoint\",\"urlTemplate\":\"https:\\\/\\\/stimulmouv.com\\\/?s={search_term_string}\"},\"query-input\":{\"@type\":\"PropertyValueSpecification\",\"valueRequired\":true,\"valueName\":\"search_term_string\"}}],\"inLanguage\":\"fr-BE\"},{\"@type\":\"Organization\",\"@id\":\"https:\\\/\\\/stimulmouv.com\\\/#organization\",\"name\":\"Stimul&#039;Mouv\",\"url\":\"https:\\\/\\\/stimulmouv.com\\\/\",\"logo\":{\"@type\":\"ImageObject\",\"inLanguage\":\"fr-BE\",\"@id\":\"https:\\\/\\\/stimulmouv.com\\\/#\\\/schema\\\/logo\\\/image\\\/\",\"url\":\"https:\\\/\\\/stimulmouv.com\\\/wp-content\\\/uploads\\\/2026\\\/02\\\/cropped-Logo1-1.png\",\"contentUrl\":\"https:\\\/\\\/stimulmouv.com\\\/wp-content\\\/uploads\\\/2026\\\/02\\\/cropped-Logo1-1.png\",\"width\":631,\"height\":466,\"caption\":\"Stimul&#039;Mouv\"},\"image\":{\"@id\":\"https:\\\/\\\/stimulmouv.com\\\/#\\\/schema\\\/logo\\\/image\\\/\"}}]}<\/script>\n<!-- \/ Yoast SEO plugin. -->","yoast_head_json":{"title":"Des b\u00e9n\u00e9fices concrets pour votre cerveau - Stimul&#039;Mouv","robots":{"index":"index","follow":"follow","max-snippet":"max-snippet:-1","max-image-preview":"max-image-preview:large","max-video-preview":"max-video-preview:-1"},"canonical":"https:\/\/stimulmouv.com\/index.php\/des-benefices-concrets-pour-votre-cerveau\/","og_locale":"fr_FR","og_type":"article","og_title":"Des b\u00e9n\u00e9fices concrets pour votre cerveau - Stimul&#039;Mouv","og_description":"La stimulation cognitive et corporelle, ce n\u2019est pas que pour \u201cles autres\u201d. C\u2019est une d\u00e9marche simple et puissante pour : Les exercices m\u00e9moire et d\u2019attention agissent comme une gymnastique mentale, qui mobilise le cerveau de mani\u00e8re douce mais profonde. Des b\u00e9n\u00e9fices utiles pour votre corps :&nbsp; Un impact positif dans la vie quotidienne Avec mes [&hellip;]","og_url":"https:\/\/stimulmouv.com\/index.php\/des-benefices-concrets-pour-votre-cerveau\/","og_site_name":"Stimul&#039;Mouv","article_modified_time":"2026-02-24T22:32:54+00:00","og_image":[{"width":670,"height":511,"url":"https:\/\/stimulmouv.com\/wp-content\/uploads\/2026\/02\/Logo1.png","type":"image\/png"}],"twitter_card":"summary_large_image","twitter_misc":{"Dur\u00e9e de lecture est.":"2 minutes"},"schema":{"@context":"https:\/\/schema.org","@graph":[{"@type":"WebPage","@id":"https:\/\/stimulmouv.com\/index.php\/des-benefices-concrets-pour-votre-cerveau\/","url":"https:\/\/stimulmouv.com\/index.php\/des-benefices-concrets-pour-votre-cerveau\/","name":"Des b\u00e9n\u00e9fices concrets pour votre cerveau - Stimul&#039;Mouv","isPartOf":{"@id":"https:\/\/stimulmouv.com\/#website"},"primaryImageOfPage":{"@id":"https:\/\/stimulmouv.com\/index.php\/des-benefices-concrets-pour-votre-cerveau\/#primaryimage"},"image":{"@id":"https:\/\/stimulmouv.com\/index.php\/des-benefices-concrets-pour-votre-cerveau\/#primaryimage"},"thumbnailUrl":"https:\/\/stimulmouv.com\/wp-content\/uploads\/2026\/02\/Logo1.png","datePublished":"2026-02-19T13:53:45+00:00","dateModified":"2026-02-24T22:32:54+00:00","breadcrumb":{"@id":"https:\/\/stimulmouv.com\/index.php\/des-benefices-concrets-pour-votre-cerveau\/#breadcrumb"},"inLanguage":"fr-BE","potentialAction":[{"@type":"ReadAction","target":["https:\/\/stimulmouv.com\/index.php\/des-benefices-concrets-pour-votre-cerveau\/"]}]},{"@type":"ImageObject","inLanguage":"fr-BE","@id":"https:\/\/stimulmouv.com\/index.php\/des-benefices-concrets-pour-votre-cerveau\/#primaryimage","url":"https:\/\/stimulmouv.com\/wp-content\/uploads\/2026\/02\/Logo1.png","contentUrl":"https:\/\/stimulmouv.com\/wp-content\/uploads\/2026\/02\/Logo1.png","width":670,"height":511},{"@type":"BreadcrumbList","@id":"https:\/\/stimulmouv.com\/index.php\/des-benefices-concrets-pour-votre-cerveau\/#breadcrumb","itemListElement":[{"@type":"ListItem","position":1,"name":"Accueil","item":"https:\/\/stimulmouv.com\/"},{"@type":"ListItem","position":2,"name":"Des b\u00e9n\u00e9fices concrets pour votre cerveau"}]},{"@type":"WebSite","@id":"https:\/\/stimulmouv.com\/#website","url":"https:\/\/stimulmouv.com\/","name":"Stimul&#039;Mouv","description":"Stimulation cognitive et motrice pour tous les \u00e2ges","publisher":{"@id":"https:\/\/stimulmouv.com\/#organization"},"potentialAction":[{"@type":"SearchAction","target":{"@type":"EntryPoint","urlTemplate":"https:\/\/stimulmouv.com\/?s={search_term_string}"},"query-input":{"@type":"PropertyValueSpecification","valueRequired":true,"valueName":"search_term_string"}}],"inLanguage":"fr-BE"},{"@type":"Organization","@id":"https:\/\/stimulmouv.com\/#organization","name":"Stimul&#039;Mouv","url":"https:\/\/stimulmouv.com\/","logo":{"@type":"ImageObject","inLanguage":"fr-BE","@id":"https:\/\/stimulmouv.com\/#\/schema\/logo\/image\/","url":"https:\/\/stimulmouv.com\/wp-content\/uploads\/2026\/02\/cropped-Logo1-1.png","contentUrl":"https:\/\/stimulmouv.com\/wp-content\/uploads\/2026\/02\/cropped-Logo1-1.png","width":631,"height":466,"caption":"Stimul&#039;Mouv"},"image":{"@id":"https:\/\/stimulmouv.com\/#\/schema\/logo\/image\/"}}]}},"_links":{"self":[{"href":"https:\/\/stimulmouv.com\/index.php\/wp-json\/wp\/v2\/pages\/81","targetHints":{"allow":["GET"]}}],"collection":[{"href":"https:\/\/stimulmouv.com\/index.php\/wp-json\/wp\/v2\/pages"}],"about":[{"href":"https:\/\/stimulmouv.com\/index.php\/wp-json\/wp\/v2\/types\/page"}],"author":[{"embeddable":true,"href":"https:\/\/stimulmouv.com\/index.php\/wp-json\/wp\/v2\/users\/1"}],"replies":[{"embeddable":true,"href":"https:\/\/stimulmouv.com\/index.php\/wp-json\/wp\/v2\/comments?post=81"}],"version-history":[{"count":3,"href":"https:\/\/stimulmouv.com\/index.php\/wp-json\/wp\/v2\/pages\/81\/revisions"}],"predecessor-version":[{"id":121,"href":"https:\/\/stimulmouv.com\/index.php\/wp-json\/wp\/v2\/pages\/81\/revisions\/121"}],"wp:featuredmedia":[{"embeddable":true,"href":"https:\/\/stimulmouv.com\/index.php\/wp-json\/wp\/v2\/media\/6"}],"wp:attachment":[{"href":"https:\/\/stimulmouv.com\/index.php\/wp-json\/wp\/v2\/media?parent=81"}],"curies":[{"name":"wp","href":"https:\/\/api.w.org\/{rel}","templated":true}]}}