{"id":79,"date":"2026-02-19T13:52:07","date_gmt":"2026-02-19T13:52:07","guid":{"rendered":"https:\/\/stimulmouv.com\/?page_id=79"},"modified":"2026-02-19T13:55:04","modified_gmt":"2026-02-19T13:55:04","slug":"contact-stimulmouv","status":"publish","type":"page","link":"https:\/\/stimulmouv.com\/index.php\/contact-stimulmouv\/","title":{"rendered":"Contact \u2013 Stimul&rsquo;Mouv"},"content":{"rendered":"\n<div class=\"wp-block-columns is-layout-flex wp-container-core-columns-is-layout-9d6595d7 wp-block-columns-is-layout-flex\">\n<div class=\"wp-block-column is-layout-flow wp-block-column-is-layout-flow\">\t\t\t<link rel=\"stylesheet\" property=\"stylesheet\" href=\"https:\/\/stimulmouv.com\/wp-content\/plugins\/happyforms\/bundles\/css\/frontend.css\" \/>\n\t\t\t\t<!-- HappyForms CSS variables -->\n\t<style>\n\t#happyforms-9 {\n\t\t--happyforms-part-title-font-size: 16px;\n--happyforms-part-description-font-size: 12px;\n--happyforms-part-value-font-size: 16px;\n--happyforms-submit-button-font-size: 16px;\n--happyforms-color-primary: #000000;\n--happyforms-color-success-notice: #ebf9f0;\n--happyforms-color-success-notice-text: #1eb452;\n--happyforms-color-error: #f23000;\n--happyforms-color-error-notice: #ffeeea;\n--happyforms-color-error-notice-text: #f23000;\n--happyforms-color-part-title: #000000;\n--happyforms-color-part-value: #000000;\n--happyforms-color-part-placeholder: #888888;\n--happyforms-color-part-description: #454545;\n--happyforms-color-part-border: #dbdbdb;\n--happyforms-color-part-border-focus: #7aa4ff;\n--happyforms-color-part-background: #ffffff;\n--happyforms-color-part-background-focus: #ffffff;\n--happyforms-color-submit-background: #000000;\n--happyforms-color-submit-background-hover: #000000;\n--happyforms-color-submit-border: ;\n--happyforms-color-submit-text: #ffffff;\n--happyforms-color-submit-text-hover: #ffffff;\n--happyforms-color-table-row-odd: #fcfcfc;\n--happyforms-color-table-row-even: #efefef;\n--happyforms-color-table-row-odd-text: #000000;\n--happyforms-color-table-row-even-text: #000000;\n--happyforms-color-dropdown-item-bg: #ffffff;\n--happyforms-color-dropdown-item-text: #000000;\n--happyforms-color-dropdown-item-bg-hover: #f4f4f5;\n--happyforms-color-dropdown-item-text-hover: #000000;\n--happyforms-color-divider-hr: #cccccc;\n--happyforms-color-choice-checkmark-bg: #ffffff;\n--happyforms-color-choice-checkmark-bg-focus: #000000;\n--happyforms-color-choice-checkmark-color: #ffffff;\n\t}\n\t<\/style>\n\t<!-- End of HappyForms CSS variables -->\n\t\t<!-- HappyForms Additional CSS -->\n\t<style data-happyforms-additional-css>\n\t\t<\/style>\n\t<!-- End of HappyForms Additional CSS -->\n\t\t\t<link rel=\"stylesheet\" type=\"text\/css\" href=\"https:\/\/stimulmouv.com\/wp-content\/plugins\/happyforms\/core\/assets\/css\/no-interaction.css\">\n\t\t<div class=\"happyforms-form happyforms-styles\" id=\"happyforms-9\">\n\t\t\n\t<form action=\"\" id=\"happyforms-form-9\" method=\"post\" novalidate=\"true\" autocomplete=\"off\">\n\t\t\t\t<input type=\"hidden\" name=\"happyforms_random_seed\" value=\"946770738\" \/>\n\t\t\n\t\t\t<input type=\"hidden\" name=\"action\" value=\"happyforms_message\">\n\t\t\t\t<input type=\"hidden\" name=\"client_referer\" value=\"\">\n\t\t\t\t<input type=\"hidden\" name=\"current_post_id\" value=\"\">\n\t\t\t\t<input type=\"hidden\" name=\"happyforms_form_id\" value=\"9\" \/>\n\t\t\t\t<input type=\"hidden\" name=\"happyforms_step\" value=\"0\" \/>\n\t\n\t\t<div class=\"happyforms-flex\">\n\t\t\t\t<label for=\"9-number\" class=\"screen-reader-text\">Leave this field blank<\/label>\n\t<input type=\"text\" id=\"9-number\" name=\"9-number\" style=\"display: none;\" tabindex=\"-1\" autocomplete=\"off\" aria-hidden=\"true\">\n\t\t\t\t\t\t\t\t\t\t<div class=\"happyforms-form__part happyforms-part happyforms-part--single_line_text happyforms-part--width-half happyforms-part--label-show\" id=\"happyforms-9_single_line_text_0-part\" data-happyforms-type=\"single_line_text\" data-happyforms-id=\"single_line_text_0\" data-happyforms-required=\"\">\n\t<div class=\"happyforms-part-wrap\">\n\t\t\n\t\t\t\t\t\t<div class=\"happyforms-part__label-container\">\n\t\t\t\t<label for=\"happyforms-9_single_line_text_0\" class=\"happyforms-part__label\">\n\t\t\t<span class=\"label\">Pr\u00e9nom<\/span>\n\t\t\t\t\t\t\t\t\t\t<span class=\"happyforms-required\"><\/span>\n\t\t\t\t\t\t\t\t\t\t<span class=\"happyforms-optional\">(optional)<\/span>\n\t\t\t\t\t<\/label>\n\t\t\t<\/div>\n\t\t\t\n\t\t\n\t\t<div class=\"happyforms-part__el\">\n\t\t\t\n\t\t\t\n\t\t\t<div class=\"happyforms-input\">\n\t\t\t\t\n\t\t\t\t<input id=\"happyforms-9_single_line_text_0\" type=\"text\" name=\"9_single_line_text_0\" value=\"\" placeholder=\"\" autocomplete=\"off\" spellcheck=\"false\"  autocorrect=\"off\" \/>\n\t\t\t\t\t\t\t<\/div>\n\n\t\t\t\n\t\t\t\n\t\t\t\t\t<\/div>\n\t<\/div>\n<\/div>\n<div class=\"happyforms-form__part happyforms-part happyforms-part--single_line_text happyforms-part--width-half happyforms-part--label-show\" id=\"happyforms-9_single_line_text_1-part\" data-happyforms-type=\"single_line_text\" data-happyforms-id=\"single_line_text_1\" data-happyforms-required=\"\">\n\t<div class=\"happyforms-part-wrap\">\n\t\t\n\t\t\t\t\t\t<div class=\"happyforms-part__label-container\">\n\t\t\t\t<label for=\"happyforms-9_single_line_text_1\" class=\"happyforms-part__label\">\n\t\t\t<span class=\"label\">Nom<\/span>\n\t\t\t\t\t\t\t\t\t\t<span class=\"happyforms-required\"><\/span>\n\t\t\t\t\t\t\t\t\t\t<span class=\"happyforms-optional\">(optional)<\/span>\n\t\t\t\t\t<\/label>\n\t\t\t<\/div>\n\t\t\t\n\t\t\n\t\t<div class=\"happyforms-part__el\">\n\t\t\t\n\t\t\t\n\t\t\t<div class=\"happyforms-input\">\n\t\t\t\t\n\t\t\t\t<input id=\"happyforms-9_single_line_text_1\" type=\"text\" name=\"9_single_line_text_1\" value=\"\" placeholder=\"\" autocomplete=\"off\" spellcheck=\"false\"  autocorrect=\"off\" \/>\n\t\t\t\t\t\t\t<\/div>\n\n\t\t\t\n\t\t\t\n\t\t\t\t\t<\/div>\n\t<\/div>\n<\/div>\n<div class=\"happyforms-part--with-autocomplete happyforms-form__part happyforms-part happyforms-part--email happyforms-part--width-full happyforms-part--label-show\" id=\"happyforms-9_email_2-part\" data-happyforms-type=\"email\" data-happyforms-id=\"email_2\" data-happyforms-required=\"\">\n\t\t<div class=\"happyforms-part-wrap\">\n\t\t\t\t\t\t<div class=\"happyforms-part__label-container\">\n\t\t\t\t<label for=\"happyforms-9_email_2\" class=\"happyforms-part__label\">\n\t\t\t<span class=\"label\">Email<\/span>\n\t\t\t\t\t\t\t\t\t\t<span class=\"happyforms-required\"><\/span>\n\t\t\t\t\t\t\t\t\t\t<span class=\"happyforms-optional\">(optional)<\/span>\n\t\t\t\t\t<\/label>\n\t\t\t<\/div>\n\t\t\t\n\t\t\n\t\t<div class=\"happyforms-part__el\">\n\t\t\t\n\t\t\t\n\t\t\t<div class=\"happyforms-input\">\n\t\t\t\t<input type=\"email\" name=\"9_email_2\" id=\"happyforms-9_email_2\" value=\"\" placeholder=\"\" autocomplete=\"off\" spellcheck=\"false\"  autocorrect=\"off\" \/>\n\t\t\t\t\t\t\t<\/div>\n\n\t\t\t\n\t\t\t\n\t\t\t\t\t<\/div>\n\t<\/div>\n<\/div>\n<div class=\"happyforms-form__part happyforms-part happyforms-part--multi_line_text happyforms-part--width-full happyforms-part--label-show\" id=\"happyforms-9_multi_line_text_3-part\" data-happyforms-type=\"multi_line_text\" data-happyforms-id=\"multi_line_text_3\" data-happyforms-required=\"\">\n\t<div class=\"happyforms-part-wrap\">\n\t\t\t\t\t\t<div class=\"happyforms-part__label-container\">\n\t\t\t\t<label for=\"happyforms-9_multi_line_text_3\" class=\"happyforms-part__label\">\n\t\t\t<span class=\"label\">Comment pouvons-nous vous aider ?<\/span>\n\t\t\t\t\t\t\t\t\t\t<span class=\"happyforms-required\"><\/span>\n\t\t\t\t\t\t\t\t\t\t<span class=\"happyforms-optional\">(optional)<\/span>\n\t\t\t\t\t<\/label>\n\t\t\t<\/div>\n\t\t\t\n\t\t\n\t\t<div class=\"happyforms-part__el\">\n\t\t\t\n\t\t\t\t\t\t<textarea id=\"happyforms-9_multi_line_text_3\" name=\"9_multi_line_text_3\" rows=\"5\" placeholder=\"\" autocomplete=\"off\" spellcheck=\"false\" autocorrect=\"off\" ><\/textarea>\n\t\t\t\n\t\t\t\n\t\t\t\t\t<\/div>\n\t<\/div>\n<\/div>\n<div class=\"happyforms-part--choice display-type--block happyforms-form__part happyforms-part happyforms-part--checkbox happyforms-part--width-full happyforms-part--label-hidden\" id=\"happyforms-9_checkbox_4-part\" data-happyforms-type=\"checkbox\" data-happyforms-id=\"checkbox_4\" data-happyforms-required=\"\">\n\t<div class=\"happyforms-part-wrap\">\n\t\t\t<div class=\"happyforms-part__label-container\">\n\t\t\t<\/div>\n\t\n\t\t\n\t\t\n\t\t<div class=\"happyforms-part__el\">\n\t\t\t\n\t\t\t\t\t\t\t\t\t\t<div class=\"happyforms-part__option happyforms-part-option\" id=\"checkbox_4_0\">\n\t\t\t\t<label class=\"option-label\">\n\t\t\t\t\t<input type=\"checkbox\" class=\"happyforms-visuallyhidden happyforms-checkbox\" name=\"9_checkbox_4[]\" value=\"0\" data-serialize  autocomplete=\"off\" spellcheck=\"false\"  >\n\t\t\t\t\t<span class=\"checkmark\"><svg xmlns=\"http:\/\/www.w3.org\/2000\/svg\" width=\"12\" height=\"12\" viewBox=\"0 0 24 24\"><path fill=\"currentColor\" d=\"M20.285 2l-11.285 11.567-5.286-5.011-3.714 3.716 9 8.728 15-15.285z\"\/><\/svg><\/span>\n\t\t\t\t\t<span class=\"label-wrap\">\n\t\t\t\t\t\t<span class=\"label\">J&#039;accepte que ce site stocke et traite les informations personnelles soumises.<\/span>\t\t\t\t\t<\/span>\n\t\t\t\t<\/label>\n\t\t\t\t\t\t\t<\/div>\n\t\t\t\n\t\t\t\n\t\t\t\t\t<\/div>\n\t<\/div>\n<\/div>\n\t\t\t\t\t\t<div class=\"happyforms-form__part happyforms-part happyforms-part--submit\">\n\t\t<button type=\"submit\" class=\"happyforms-submit happyforms-button--submit \">Envoyez ma question<\/button>\n\t<\/div>\t\t<\/div>\n\n\t\t\t<\/form>\n\n\t<\/div>\n<\/div>\n\n\n\n<div class=\"wp-block-column is-layout-flow wp-block-column-is-layout-flow\">\n<p>Vous souhaitez organiser une activit\u00e9, obtenir un renseignement ou discuter d\u2019un projet ?<br>Contactez-nous via le formulaire ou par t\u00e9l\u00e9phone. Nous vous r\u00e9pondrons rapidement.<\/p>\n<\/div>\n<\/div>\n\n\n\n<p><\/p>\n","protected":false},"excerpt":{"rendered":"<p>Vous souhaitez organiser une activit\u00e9, obtenir un renseignement ou discuter d\u2019un projet ?Contactez-nous via le formulaire ou par t\u00e9l\u00e9phone. Nous vous r\u00e9pondrons rapidement.<\/p>\n","protected":false},"author":1,"featured_media":6,"parent":0,"menu_order":0,"comment_status":"closed","ping_status":"closed","template":"","meta":{"_monsterinsights_skip_tracking":false,"_monsterinsights_sitenote_active":false,"_monsterinsights_sitenote_note":"","_monsterinsights_sitenote_category":0,"footnotes":""},"class_list":["post-79","page","type-page","status-publish","has-post-thumbnail","czr-hentry"],"yoast_head":"<!-- This site is optimized with the Yoast SEO plugin v27.3 - https:\/\/yoast.com\/product\/yoast-seo-wordpress\/ -->\n<title>Contact \u2013 Stimul&#039;Mouv - Stimul&#039;Mouv<\/title>\n<meta name=\"robots\" content=\"index, follow, max-snippet:-1, max-image-preview:large, max-video-preview:-1\" \/>\n<link rel=\"canonical\" href=\"https:\/\/stimulmouv.com\/index.php\/contact-stimulmouv\/\" \/>\n<meta property=\"og:locale\" content=\"fr_FR\" \/>\n<meta property=\"og:type\" content=\"article\" \/>\n<meta property=\"og:title\" content=\"Contact \u2013 Stimul&#039;Mouv - Stimul&#039;Mouv\" \/>\n<meta property=\"og:description\" content=\"Vous souhaitez organiser une activit\u00e9, obtenir un renseignement ou discuter d\u2019un projet ?Contactez-nous via le formulaire ou par t\u00e9l\u00e9phone. Nous vous r\u00e9pondrons rapidement.\" \/>\n<meta property=\"og:url\" content=\"https:\/\/stimulmouv.com\/index.php\/contact-stimulmouv\/\" \/>\n<meta property=\"og:site_name\" content=\"Stimul&#039;Mouv\" \/>\n<meta property=\"article:modified_time\" content=\"2026-02-19T13:55:04+00:00\" \/>\n<meta property=\"og:image\" content=\"https:\/\/stimulmouv.com\/wp-content\/uploads\/2026\/02\/Logo1.png\" \/>\n\t<meta property=\"og:image:width\" content=\"670\" \/>\n\t<meta property=\"og:image:height\" content=\"511\" \/>\n\t<meta property=\"og:image:type\" content=\"image\/png\" \/>\n<meta name=\"twitter:card\" content=\"summary_large_image\" \/>\n<meta name=\"twitter:label1\" content=\"Dur\u00e9e de lecture est.\" \/>\n\t<meta name=\"twitter:data1\" content=\"1 minute\" \/>\n<script type=\"application\/ld+json\" class=\"yoast-schema-graph\">{\"@context\":\"https:\\\/\\\/schema.org\",\"@graph\":[{\"@type\":\"WebPage\",\"@id\":\"https:\\\/\\\/stimulmouv.com\\\/index.php\\\/contact-stimulmouv\\\/\",\"url\":\"https:\\\/\\\/stimulmouv.com\\\/index.php\\\/contact-stimulmouv\\\/\",\"name\":\"Contact \u2013 Stimul'Mouv - Stimul&#039;Mouv\",\"isPartOf\":{\"@id\":\"https:\\\/\\\/stimulmouv.com\\\/#website\"},\"primaryImageOfPage\":{\"@id\":\"https:\\\/\\\/stimulmouv.com\\\/index.php\\\/contact-stimulmouv\\\/#primaryimage\"},\"image\":{\"@id\":\"https:\\\/\\\/stimulmouv.com\\\/index.php\\\/contact-stimulmouv\\\/#primaryimage\"},\"thumbnailUrl\":\"https:\\\/\\\/stimulmouv.com\\\/wp-content\\\/uploads\\\/2026\\\/02\\\/Logo1.png\",\"datePublished\":\"2026-02-19T13:52:07+00:00\",\"dateModified\":\"2026-02-19T13:55:04+00:00\",\"breadcrumb\":{\"@id\":\"https:\\\/\\\/stimulmouv.com\\\/index.php\\\/contact-stimulmouv\\\/#breadcrumb\"},\"inLanguage\":\"fr-BE\",\"potentialAction\":[{\"@type\":\"ReadAction\",\"target\":[\"https:\\\/\\\/stimulmouv.com\\\/index.php\\\/contact-stimulmouv\\\/\"]}]},{\"@type\":\"ImageObject\",\"inLanguage\":\"fr-BE\",\"@id\":\"https:\\\/\\\/stimulmouv.com\\\/index.php\\\/contact-stimulmouv\\\/#primaryimage\",\"url\":\"https:\\\/\\\/stimulmouv.com\\\/wp-content\\\/uploads\\\/2026\\\/02\\\/Logo1.png\",\"contentUrl\":\"https:\\\/\\\/stimulmouv.com\\\/wp-content\\\/uploads\\\/2026\\\/02\\\/Logo1.png\",\"width\":670,\"height\":511},{\"@type\":\"BreadcrumbList\",\"@id\":\"https:\\\/\\\/stimulmouv.com\\\/index.php\\\/contact-stimulmouv\\\/#breadcrumb\",\"itemListElement\":[{\"@type\":\"ListItem\",\"position\":1,\"name\":\"Accueil\",\"item\":\"https:\\\/\\\/stimulmouv.com\\\/\"},{\"@type\":\"ListItem\",\"position\":2,\"name\":\"Contact \u2013 Stimul&rsquo;Mouv\"}]},{\"@type\":\"WebSite\",\"@id\":\"https:\\\/\\\/stimulmouv.com\\\/#website\",\"url\":\"https:\\\/\\\/stimulmouv.com\\\/\",\"name\":\"Stimul&#039;Mouv\",\"description\":\"Stimulation cognitive et motrice pour tous les \u00e2ges\",\"publisher\":{\"@id\":\"https:\\\/\\\/stimulmouv.com\\\/#organization\"},\"potentialAction\":[{\"@type\":\"SearchAction\",\"target\":{\"@type\":\"EntryPoint\",\"urlTemplate\":\"https:\\\/\\\/stimulmouv.com\\\/?s={search_term_string}\"},\"query-input\":{\"@type\":\"PropertyValueSpecification\",\"valueRequired\":true,\"valueName\":\"search_term_string\"}}],\"inLanguage\":\"fr-BE\"},{\"@type\":\"Organization\",\"@id\":\"https:\\\/\\\/stimulmouv.com\\\/#organization\",\"name\":\"Stimul&#039;Mouv\",\"url\":\"https:\\\/\\\/stimulmouv.com\\\/\",\"logo\":{\"@type\":\"ImageObject\",\"inLanguage\":\"fr-BE\",\"@id\":\"https:\\\/\\\/stimulmouv.com\\\/#\\\/schema\\\/logo\\\/image\\\/\",\"url\":\"https:\\\/\\\/stimulmouv.com\\\/wp-content\\\/uploads\\\/2026\\\/02\\\/cropped-Logo1-1.png\",\"contentUrl\":\"https:\\\/\\\/stimulmouv.com\\\/wp-content\\\/uploads\\\/2026\\\/02\\\/cropped-Logo1-1.png\",\"width\":631,\"height\":466,\"caption\":\"Stimul&#039;Mouv\"},\"image\":{\"@id\":\"https:\\\/\\\/stimulmouv.com\\\/#\\\/schema\\\/logo\\\/image\\\/\"}}]}<\/script>\n<!-- \/ Yoast SEO plugin. -->","yoast_head_json":{"title":"Contact \u2013 Stimul'Mouv - Stimul&#039;Mouv","robots":{"index":"index","follow":"follow","max-snippet":"max-snippet:-1","max-image-preview":"max-image-preview:large","max-video-preview":"max-video-preview:-1"},"canonical":"https:\/\/stimulmouv.com\/index.php\/contact-stimulmouv\/","og_locale":"fr_FR","og_type":"article","og_title":"Contact \u2013 Stimul'Mouv - Stimul&#039;Mouv","og_description":"Vous souhaitez organiser une activit\u00e9, obtenir un renseignement ou discuter d\u2019un projet ?Contactez-nous via le formulaire ou par t\u00e9l\u00e9phone. Nous vous r\u00e9pondrons rapidement.","og_url":"https:\/\/stimulmouv.com\/index.php\/contact-stimulmouv\/","og_site_name":"Stimul&#039;Mouv","article_modified_time":"2026-02-19T13:55:04+00:00","og_image":[{"width":670,"height":511,"url":"https:\/\/stimulmouv.com\/wp-content\/uploads\/2026\/02\/Logo1.png","type":"image\/png"}],"twitter_card":"summary_large_image","twitter_misc":{"Dur\u00e9e de lecture est.":"1 minute"},"schema":{"@context":"https:\/\/schema.org","@graph":[{"@type":"WebPage","@id":"https:\/\/stimulmouv.com\/index.php\/contact-stimulmouv\/","url":"https:\/\/stimulmouv.com\/index.php\/contact-stimulmouv\/","name":"Contact \u2013 Stimul'Mouv - Stimul&#039;Mouv","isPartOf":{"@id":"https:\/\/stimulmouv.com\/#website"},"primaryImageOfPage":{"@id":"https:\/\/stimulmouv.com\/index.php\/contact-stimulmouv\/#primaryimage"},"image":{"@id":"https:\/\/stimulmouv.com\/index.php\/contact-stimulmouv\/#primaryimage"},"thumbnailUrl":"https:\/\/stimulmouv.com\/wp-content\/uploads\/2026\/02\/Logo1.png","datePublished":"2026-02-19T13:52:07+00:00","dateModified":"2026-02-19T13:55:04+00:00","breadcrumb":{"@id":"https:\/\/stimulmouv.com\/index.php\/contact-stimulmouv\/#breadcrumb"},"inLanguage":"fr-BE","potentialAction":[{"@type":"ReadAction","target":["https:\/\/stimulmouv.com\/index.php\/contact-stimulmouv\/"]}]},{"@type":"ImageObject","inLanguage":"fr-BE","@id":"https:\/\/stimulmouv.com\/index.php\/contact-stimulmouv\/#primaryimage","url":"https:\/\/stimulmouv.com\/wp-content\/uploads\/2026\/02\/Logo1.png","contentUrl":"https:\/\/stimulmouv.com\/wp-content\/uploads\/2026\/02\/Logo1.png","width":670,"height":511},{"@type":"BreadcrumbList","@id":"https:\/\/stimulmouv.com\/index.php\/contact-stimulmouv\/#breadcrumb","itemListElement":[{"@type":"ListItem","position":1,"name":"Accueil","item":"https:\/\/stimulmouv.com\/"},{"@type":"ListItem","position":2,"name":"Contact \u2013 Stimul&rsquo;Mouv"}]},{"@type":"WebSite","@id":"https:\/\/stimulmouv.com\/#website","url":"https:\/\/stimulmouv.com\/","name":"Stimul&#039;Mouv","description":"Stimulation cognitive et motrice pour tous les \u00e2ges","publisher":{"@id":"https:\/\/stimulmouv.com\/#organization"},"potentialAction":[{"@type":"SearchAction","target":{"@type":"EntryPoint","urlTemplate":"https:\/\/stimulmouv.com\/?s={search_term_string}"},"query-input":{"@type":"PropertyValueSpecification","valueRequired":true,"valueName":"search_term_string"}}],"inLanguage":"fr-BE"},{"@type":"Organization","@id":"https:\/\/stimulmouv.com\/#organization","name":"Stimul&#039;Mouv","url":"https:\/\/stimulmouv.com\/","logo":{"@type":"ImageObject","inLanguage":"fr-BE","@id":"https:\/\/stimulmouv.com\/#\/schema\/logo\/image\/","url":"https:\/\/stimulmouv.com\/wp-content\/uploads\/2026\/02\/cropped-Logo1-1.png","contentUrl":"https:\/\/stimulmouv.com\/wp-content\/uploads\/2026\/02\/cropped-Logo1-1.png","width":631,"height":466,"caption":"Stimul&#039;Mouv"},"image":{"@id":"https:\/\/stimulmouv.com\/#\/schema\/logo\/image\/"}}]}},"_links":{"self":[{"href":"https:\/\/stimulmouv.com\/index.php\/wp-json\/wp\/v2\/pages\/79","targetHints":{"allow":["GET"]}}],"collection":[{"href":"https:\/\/stimulmouv.com\/index.php\/wp-json\/wp\/v2\/pages"}],"about":[{"href":"https:\/\/stimulmouv.com\/index.php\/wp-json\/wp\/v2\/types\/page"}],"author":[{"embeddable":true,"href":"https:\/\/stimulmouv.com\/index.php\/wp-json\/wp\/v2\/users\/1"}],"replies":[{"embeddable":true,"href":"https:\/\/stimulmouv.com\/index.php\/wp-json\/wp\/v2\/comments?post=79"}],"version-history":[{"count":1,"href":"https:\/\/stimulmouv.com\/index.php\/wp-json\/wp\/v2\/pages\/79\/revisions"}],"predecessor-version":[{"id":80,"href":"https:\/\/stimulmouv.com\/index.php\/wp-json\/wp\/v2\/pages\/79\/revisions\/80"}],"wp:featuredmedia":[{"embeddable":true,"href":"https:\/\/stimulmouv.com\/index.php\/wp-json\/wp\/v2\/media\/6"}],"wp:attachment":[{"href":"https:\/\/stimulmouv.com\/index.php\/wp-json\/wp\/v2\/media?parent=79"}],"curies":[{"name":"wp","href":"https:\/\/api.w.org\/{rel}","templated":true}]}}